{"id":785,"date":"2023-07-19T15:10:17","date_gmt":"2023-07-19T15:10:17","guid":{"rendered":"https:\/\/www.idesco.es\/home\/"},"modified":"2024-02-01T14:08:18","modified_gmt":"2024-02-01T14:08:18","slug":"home","status":"publish","type":"page","link":"https:\/\/www.idesco.es\/en\/","title":{"rendered":"Home"},"content":{"rendered":"<p>[et_pb_section fb_built=&#8221;1&#8243; _builder_version=&#8221;4.21.0&#8243; _module_preset=&#8221;default&#8221; global_colors_info=&#8221;{}&#8221;][et_pb_row _builder_version=&#8221;4.21.0&#8243; _module_preset=&#8221;default&#8221; global_colors_info=&#8221;{}&#8221;][et_pb_column type=&#8221;4_4&#8243; _builder_version=&#8221;4.21.0&#8243; _module_preset=&#8221;default&#8221; global_colors_info=&#8221;{}&#8221;][et_pb_code _builder_version=&#8221;4.24.0&#8243; _module_preset=&#8221;default&#8221; hover_enabled=&#8221;0&#8243; global_colors_info=&#8221;{}&#8221; sticky_enabled=&#8221;0&#8243;]<div id=\"metaslider-id-884\" style=\"width: 100%;\" class=\"ml-slider-3-108-0 metaslider metaslider-nivo metaslider-884 ml-slider has-dots-nav ms-theme-default\" role=\"region\" aria-label=\"Home-ENG\" data-height=\"570\" data-width=\"1280\">\n    <div id=\"metaslider_container_884\">\n        <div class='slider-wrapper theme-default'><div class='ribbon'><\/div><div id='metaslider_884' class='nivoSlider'><img loading=\"lazy\" decoding=\"async\" src=\"https:\/\/www.idesco.es\/wp-content\/uploads\/2023\/07\/slide-2-1280x570.jpg\" height=\"570\" width=\"1280\" data-caption=\"&lt;div&gt;WE CREATE YOUR BRAND&lt;\/div&gt;\" title=\"slide-2\" alt=\"\" class=\"slider-884 slide-885 msDefaultImage\" \/><img loading=\"lazy\" decoding=\"async\" src=\"https:\/\/www.idesco.es\/wp-content\/uploads\/2024\/05\/shutterstock_1874731555-scaled-1280x570.jpg\" height=\"570\" width=\"1280\" data-caption=\"&lt;div&gt;CUSTOMISED FORMULATION&lt;\/div&gt;\" title=\"Bottle,,White,,Isolated,,Care,,Plastic,,Beauty,,Cream,,Container,,Cosmetics,,Lotion,\" alt=\"\" class=\"slider-884 slide-886 msDefaultImage\" \/><img loading=\"lazy\" decoding=\"async\" src=\"https:\/\/www.idesco.es\/wp-content\/uploads\/2023\/07\/slide-3-1280x570.jpg\" height=\"570\" width=\"1280\" data-caption=\"&lt;div&gt;YOUR BEST PARTNER IN COSMETICS&lt;\/div&gt;\" title=\"slide-3\" alt=\"\" class=\"slider-884 slide-887 msDefaultImage\" \/><img loading=\"lazy\" decoding=\"async\" src=\"https:\/\/www.idesco.es\/wp-content\/uploads\/2023\/07\/slide-4-1280x570.jpg\" height=\"570\" width=\"1280\" data-caption=\"&lt;div&gt;360&amp;ordm; ADVICE&lt;\/div&gt;\" title=\"slide-4\" alt=\"\" class=\"slider-884 slide-888 msDefaultImage\" \/><\/div><\/div>\n        \n    <\/div>\n<\/div>[\/et_pb_code][\/et_pb_column][\/et_pb_row][\/et_pb_section][et_pb_section fb_built=&#8221;1&#8243; _builder_version=&#8221;4.21.0&#8243; _module_preset=&#8221;default&#8221; background_color=&#8221;#eeeeee&#8221; custom_margin=&#8221;0px||0px||false|false&#8221; custom_padding=&#8221;0px||0px||false|false&#8221; global_colors_info=&#8221;{}&#8221;][et_pb_row column_structure=&#8221;3_5,2_5&#8243; use_custom_gutter=&#8221;on&#8221; gutter_width=&#8221;2&#8243; make_equal=&#8221;on&#8221; module_class=&#8221;personalizada&#8221; _builder_version=&#8221;4.24.0&#8243; _module_preset=&#8221;default&#8221; global_colors_info=&#8221;{}&#8221;][et_pb_column type=&#8221;3_5&#8243; _builder_version=&#8221;4.21.0&#8243; _module_preset=&#8221;default&#8221; global_colors_info=&#8221;{}&#8221;][et_pb_text _builder_version=&#8221;4.21.0&#8243; _module_preset=&#8221;default&#8221; global_colors_info=&#8221;{}&#8221;]<\/p>\n<h4>Developing and manufacturing cosmetic products for skin and hair care since 1975.<\/h4>\n<p>[\/et_pb_text][\/et_pb_column][et_pb_column type=&#8221;2_5&#8243; _builder_version=&#8221;4.21.0&#8243; _module_preset=&#8221;default&#8221; global_colors_info=&#8221;{}&#8221;][et_pb_image src=&#8221;https:\/\/www.idesco.es\/wp-content\/uploads\/2023\/07\/idesco-empresa.jpg&#8221; title_text=&#8221;idesco-empresa&#8221; force_fullwidth=&#8221;on&#8221; _builder_version=&#8221;4.21.0&#8243; _module_preset=&#8221;default&#8221; global_colors_info=&#8221;{}&#8221;][\/et_pb_image][\/et_pb_column][\/et_pb_row][\/et_pb_section][et_pb_section fb_built=&#8221;1&#8243; admin_label=&#8221;Apollo&#8221; _builder_version=&#8221;4.21.0&#8243; _module_preset=&#8221;default&#8221; global_colors_info=&#8221;{}&#8221;][et_pb_row column_structure=&#8221;1_3,1_3,1_3&#8243; make_equal=&#8221;on&#8221; module_class=&#8221;boxes&#8221; _builder_version=&#8221;4.24.0&#8243; _module_preset=&#8221;default&#8221; global_colors_info=&#8221;{}&#8221;][et_pb_column type=&#8221;1_3&#8243; module_class=&#8221;apollo&#8221; _builder_version=&#8221;4.24.0&#8243; _dynamic_attributes=&#8221;link_option_url&#8221; _module_preset=&#8221;default&#8221; background_image=&#8221;https:\/\/www.idesco.es\/wp-content\/uploads\/2024\/02\/productos.jpg&#8221; animation_style=&#8221;slide&#8221; animation_direction=&#8221;left&#8221; link_option_url=&#8221;@ET-DC@eyJkeW5hbWljIjp0cnVlLCJjb250ZW50IjoicG9zdF9saW5rX3VybF9wYWdlIiwic2V0dGluZ3MiOnsicG9zdF9pZCI6Ijg3In19@&#8221; global_colors_info=&#8221;{}&#8221;][et_pb_image src=&#8221;https:\/\/www.idesco.es\/wp-content\/uploads\/2023\/07\/productos.svg&#8221; _builder_version=&#8221;4.21.0&#8243; _module_preset=&#8221;default&#8221; global_colors_info=&#8221;{}&#8221;][\/et_pb_image][et_pb_text admin_label=&#8221;Productos&#8221; _builder_version=&#8221;4.21.0&#8243; _module_preset=&#8221;default&#8221; global_colors_info=&#8221;{}&#8221;]<\/p>\n<h3>Products<\/h3>\n<p>We develop a wide variety of cosmetic products. Standard and customised formulas, special textures and customised packaging.[\/et_pb_text][\/et_pb_column][et_pb_column type=&#8221;1_3&#8243; module_class=&#8221;apollo&#8221; _builder_version=&#8221;4.24.0&#8243; _dynamic_attributes=&#8221;link_option_url&#8221; _module_preset=&#8221;default&#8221; background_image=&#8221;https:\/\/www.idesco.es\/wp-content\/uploads\/2024\/02\/servicio.jpg&#8221; animation_style=&#8221;slide&#8221; link_option_url=&#8221;@ET-DC@eyJkeW5hbWljIjp0cnVlLCJjb250ZW50IjoicG9zdF9saW5rX3VybF9wYWdlIiwic2V0dGluZ3MiOnsicG9zdF9pZCI6Ijg3In19@&#8221; global_colors_info=&#8221;{}&#8221;][et_pb_image src=&#8221;https:\/\/www.idesco.es\/wp-content\/uploads\/2023\/07\/servicios.svg&#8221; _builder_version=&#8221;4.21.0&#8243; _module_preset=&#8221;default&#8221; global_colors_info=&#8221;{}&#8221;][\/et_pb_image][et_pb_text admin_label=&#8221;Servicios&#8221; _builder_version=&#8221;4.21.0&#8243; _module_preset=&#8221;default&#8221; global_colors_info=&#8221;{}&#8221;]<\/p>\n<h3>Services<\/h3>\n<p>We advise throughout the entire process (360\u00b0). From the initial idea to market launch: creative process, manufacturing, quality, packaging, marketing and regulation.[\/et_pb_text][\/et_pb_column][et_pb_column type=&#8221;1_3&#8243; module_class=&#8221;apollo&#8221; _builder_version=&#8221;4.21.0&#8243; _dynamic_attributes=&#8221;link_option_url&#8221; _module_preset=&#8221;default&#8221; background_image=&#8221;https:\/\/www.idesco.es\/wp-content\/uploads\/2023\/07\/texturas.jpg&#8221; animation_style=&#8221;slide&#8221; animation_direction=&#8221;right&#8221; link_option_url=&#8221;@ET-DC@eyJkeW5hbWljIjp0cnVlLCJjb250ZW50IjoicG9zdF9saW5rX3VybF9wYWdlIiwic2V0dGluZ3MiOnsicG9zdF9pZCI6Ijg3In19@&#8221; global_colors_info=&#8221;{}&#8221;][et_pb_image src=&#8221;https:\/\/www.idesco.es\/wp-content\/uploads\/2023\/07\/sectores.svg&#8221; _builder_version=&#8221;4.21.0&#8243; _module_preset=&#8221;default&#8221; global_colors_info=&#8221;{}&#8221;][\/et_pb_image][et_pb_text admin_label=&#8221;Sectores&#8221; _builder_version=&#8221;4.21.0&#8243; _module_preset=&#8221;default&#8221; global_colors_info=&#8221;{}&#8221;]<\/p>\n<h3>Sectors<\/h3>\n<p>More than 40 years of experience have earned us the trust of prestigious multinationals in sectors such as pharmaceuticals, dermatology and hotels, among others.[\/et_pb_text][\/et_pb_column][\/et_pb_row][\/et_pb_section][et_pb_section fb_built=&#8221;1&#8243; module_class=&#8221;contador&#8221; _builder_version=&#8221;4.21.0&#8243; _module_preset=&#8221;default&#8221; background_color=&#8221;#eeeeee&#8221; global_colors_info=&#8221;{}&#8221;][et_pb_row _builder_version=&#8221;4.21.0&#8243; _module_preset=&#8221;default&#8221; global_colors_info=&#8221;{}&#8221;][et_pb_column type=&#8221;4_4&#8243; _builder_version=&#8221;4.21.0&#8243; _module_preset=&#8221;default&#8221; global_colors_info=&#8221;{}&#8221;][et_pb_text admin_label=&#8221;Idesco en n\u00fameros&#8221; _builder_version=&#8221;4.21.0&#8243; _module_preset=&#8221;default&#8221; global_colors_info=&#8221;{}&#8221;]<\/p>\n<h2 style=\"text-align: center;\">Idesco in numbers<\/h2>\n<p>[\/et_pb_text][\/et_pb_column][\/et_pb_row][et_pb_row column_structure=&#8221;1_4,1_4,1_4,1_4&#8243; make_equal=&#8221;on&#8221; _builder_version=&#8221;4.21.0&#8243; _module_preset=&#8221;default&#8221; global_colors_info=&#8221;{}&#8221;][et_pb_column type=&#8221;1_4&#8243; _builder_version=&#8221;4.21.0&#8243; _module_preset=&#8221;default&#8221; global_colors_info=&#8221;{}&#8221;][et_pb_text admin_label=&#8221;M\u00e1s de&#8221; _builder_version=&#8221;4.21.0&#8243; _module_preset=&#8221;default&#8221; custom_margin=&#8221;||0px||false|false&#8221; custom_padding=&#8221;||0px||false|false&#8221; global_colors_info=&#8221;{}&#8221;]<\/p>\n<h3>More than<\/h3>\n<p>[\/et_pb_text][et_pb_number_counter title=&#8221;State-of-the-art manufacturing and packaging units&#8221; number=&#8221;50&#8243; percent_sign=&#8221;off&#8221; admin_label=&#8221;Equipos de fabricaci\u00f3n y envasado de \u00faltima generaci\u00f3n&#8221; _builder_version=&#8221;4.21.0&#8243; _module_preset=&#8221;default&#8221; number_text_color=&#8221;#ff7500&#8243; global_colors_info=&#8221;{}&#8221;][\/et_pb_number_counter][\/et_pb_column][et_pb_column type=&#8221;1_4&#8243; _builder_version=&#8221;4.21.0&#8243; _module_preset=&#8221;default&#8221; global_colors_info=&#8221;{}&#8221;][et_pb_text admin_label=&#8221;M\u00e1s de&#8221; _builder_version=&#8221;4.21.0&#8243; _module_preset=&#8221;default&#8221; custom_margin=&#8221;||0px||false|false&#8221; custom_padding=&#8221;||0px||false|false&#8221; global_colors_info=&#8221;{}&#8221;]<\/p>\n<h3>More than<\/h3>\n<p>[\/et_pb_text][et_pb_number_counter title=&#8221;Professionals&#8221; number=&#8221;70&#8243; percent_sign=&#8221;off&#8221; admin_label=&#8221;Profesionales&#8221; _builder_version=&#8221;4.21.0&#8243; _module_preset=&#8221;default&#8221; number_text_color=&#8221;#ff7500&#8243; global_colors_info=&#8221;{}&#8221;][\/et_pb_number_counter][\/et_pb_column][et_pb_column type=&#8221;1_4&#8243; _builder_version=&#8221;4.21.0&#8243; _module_preset=&#8221;default&#8221; global_colors_info=&#8221;{}&#8221;][et_pb_text admin_label=&#8221;M\u00e1s de&#8221; _builder_version=&#8221;4.21.0&#8243; _module_preset=&#8221;default&#8221; custom_margin=&#8221;||0px||false|false&#8221; custom_padding=&#8221;||0px||false|false&#8221; global_colors_info=&#8221;{}&#8221;]<\/p>\n<h3>More than<\/h3>\n<p>[\/et_pb_text][et_pb_number_counter title=&#8221;Years operating in the market&#8221; number=&#8221;40&#8243; percent_sign=&#8221;off&#8221; admin_label=&#8221;a\u00f1os operando en el mercado&#8221; _builder_version=&#8221;4.21.0&#8243; _module_preset=&#8221;default&#8221; number_text_color=&#8221;#ff7500&#8243; global_colors_info=&#8221;{}&#8221;][\/et_pb_number_counter][\/et_pb_column][et_pb_column type=&#8221;1_4&#8243; _builder_version=&#8221;4.21.0&#8243; _module_preset=&#8221;default&#8221; global_colors_info=&#8221;{}&#8221;][et_pb_text admin_label=&#8221;M\u00e1s de&#8221; _builder_version=&#8221;4.21.0&#8243; _module_preset=&#8221;default&#8221; custom_margin=&#8221;||0px||false|false&#8221; custom_padding=&#8221;||0px||false|false&#8221; global_colors_info=&#8221;{}&#8221;]<\/p>\n<h3>More than<\/h3>\n<p>[\/et_pb_text][et_pb_number_counter title=&#8221;GINPER Group employees&#8221; number=&#8221;500&#8243; percent_sign=&#8221;off&#8221; admin_label=&#8221;Empleados Grupo GINPER&#8221; _builder_version=&#8221;4.21.0&#8243; _module_preset=&#8221;default&#8221; number_text_color=&#8221;#ff7500&#8243; global_colors_info=&#8221;{}&#8221;][\/et_pb_number_counter][\/et_pb_column][\/et_pb_row][et_pb_row column_structure=&#8221;1_4,1_4,1_4,1_4&#8243; make_equal=&#8221;on&#8221; _builder_version=&#8221;4.21.0&#8243; _module_preset=&#8221;default&#8221; global_colors_info=&#8221;{}&#8221;][et_pb_column type=&#8221;1_4&#8243; _builder_version=&#8221;4.21.0&#8243; _module_preset=&#8221;default&#8221; global_colors_info=&#8221;{}&#8221;][et_pb_text admin_label=&#8221;M\u00e1s de&#8221; _builder_version=&#8221;4.21.0&#8243; _module_preset=&#8221;default&#8221; custom_margin=&#8221;||0px||false|false&#8221; custom_padding=&#8221;||0px||false|false&#8221; global_colors_info=&#8221;{}&#8221;]<\/p>\n<h3>More than<\/h3>\n<p>[\/et_pb_text][et_pb_number_counter title=&#8221;Adaptable Standard Formulas&#8221; number=&#8221;1600&#8243; percent_sign=&#8221;off&#8221; admin_label=&#8221;Formulas est\u00e1ndar adaptables&#8221; _builder_version=&#8221;4.21.0&#8243; _module_preset=&#8221;default&#8221; number_text_color=&#8221;#ff7500&#8243; global_colors_info=&#8221;{}&#8221;][\/et_pb_number_counter][\/et_pb_column][et_pb_column type=&#8221;1_4&#8243; _builder_version=&#8221;4.21.0&#8243; _module_preset=&#8221;default&#8221; global_colors_info=&#8221;{}&#8221;][et_pb_text admin_label=&#8221;M\u00e1s de&#8221; _builder_version=&#8221;4.21.0&#8243; _module_preset=&#8221;default&#8221; custom_margin=&#8221;||0px||false|false&#8221; custom_padding=&#8221;||0px||false|false&#8221; global_colors_info=&#8221;{}&#8221;]<\/p>\n<h3>More than<\/h3>\n<p>[\/et_pb_text][et_pb_number_counter title=&#8221;m2 in facilities&#8221; number=&#8221;3500&#8243; percent_sign=&#8221;off&#8221; admin_label=&#8221;m2 en instalaciones&#8221; _builder_version=&#8221;4.21.0&#8243; _module_preset=&#8221;default&#8221; number_text_color=&#8221;#ff7500&#8243; global_colors_info=&#8221;{}&#8221;][\/et_pb_number_counter][\/et_pb_column][et_pb_column type=&#8221;1_4&#8243; _builder_version=&#8221;4.21.0&#8243; _module_preset=&#8221;default&#8221; global_colors_info=&#8221;{}&#8221;][et_pb_text admin_label=&#8221;Unidades\/a\u00f1o producidas&#8221; _builder_version=&#8221;4.21.0&#8243; _module_preset=&#8221;default&#8221; custom_margin=&#8221;||0px||false|false&#8221; custom_padding=&#8221;||0px||false|false&#8221; global_colors_info=&#8221;{}&#8221;]<\/p>\n<h3>Units produced per year<\/h3>\n<p>[\/et_pb_text][et_pb_number_counter title=&#8221;millions&#8221; number=&#8221;15&#8243; percent_sign=&#8221;off&#8221; admin_label=&#8221;millones&#8221; _builder_version=&#8221;4.21.0&#8243; _module_preset=&#8221;default&#8221; number_text_color=&#8221;#ff7500&#8243; global_colors_info=&#8221;{}&#8221;][\/et_pb_number_counter][\/et_pb_column][et_pb_column type=&#8221;1_4&#8243; _builder_version=&#8221;4.21.0&#8243; _module_preset=&#8221;default&#8221; global_colors_info=&#8221;{}&#8221;][et_pb_text admin_label=&#8221;Pedido m\u00ednimo&#8221; _builder_version=&#8221;4.21.0&#8243; _module_preset=&#8221;default&#8221; custom_margin=&#8221;||0px||false|false&#8221; custom_padding=&#8221;||0px||false|false&#8221; global_colors_info=&#8221;{}&#8221;]<\/p>\n<h3>Minimum order<\/h3>\n<p>[\/et_pb_text][et_pb_number_counter title=&#8221;units&#8221; number=&#8221;1000&#8243; percent_sign=&#8221;off&#8221; admin_label=&#8221;unidades&#8221; _builder_version=&#8221;4.21.0&#8243; _module_preset=&#8221;default&#8221; number_text_color=&#8221;#ff7500&#8243; global_colors_info=&#8221;{}&#8221;][\/et_pb_number_counter][\/et_pb_column][\/et_pb_row][\/et_pb_section]<\/p>\n","protected":false},"excerpt":{"rendered":"<p><div id=\"metaslider-id-884\" style=\"width: 100%;\" class=\"ml-slider-3-108-0 metaslider metaslider-nivo metaslider-884 ml-slider has-dots-nav ms-theme-default\" role=\"region\" aria-label=\"Home-ENG\" data-height=\"570\" data-width=\"1280\">\n    <div id=\"metaslider_container_884\">\n        <div class='slider-wrapper theme-default'><div class='ribbon'><\/div><div id='metaslider_884' class='nivoSlider'><img loading=\"lazy\" decoding=\"async\" src=\"https:\/\/www.idesco.es\/wp-content\/uploads\/2023\/07\/slide-2-1280x570.jpg\" height=\"570\" width=\"1280\" data-caption=\"&lt;div&gt;WE CREATE YOUR BRAND&lt;\/div&gt;\" title=\"slide-2\" alt=\"\" class=\"slider-884 slide-885 msDefaultImage\" \/><img loading=\"lazy\" decoding=\"async\" src=\"https:\/\/www.idesco.es\/wp-content\/uploads\/2024\/05\/shutterstock_1874731555-scaled-1280x570.jpg\" height=\"570\" width=\"1280\" data-caption=\"&lt;div&gt;CUSTOMISED FORMULATION&lt;\/div&gt;\" title=\"Bottle,,White,,Isolated,,Care,,Plastic,,Beauty,,Cream,,Container,,Cosmetics,,Lotion,\" alt=\"\" class=\"slider-884 slide-886 msDefaultImage\" \/><img loading=\"lazy\" decoding=\"async\" src=\"https:\/\/www.idesco.es\/wp-content\/uploads\/2023\/07\/slide-3-1280x570.jpg\" height=\"570\" width=\"1280\" data-caption=\"&lt;div&gt;YOUR BEST PARTNER IN COSMETICS&lt;\/div&gt;\" title=\"slide-3\" alt=\"\" class=\"slider-884 slide-887 msDefaultImage\" \/><img loading=\"lazy\" decoding=\"async\" src=\"https:\/\/www.idesco.es\/wp-content\/uploads\/2023\/07\/slide-4-1280x570.jpg\" height=\"570\" width=\"1280\" data-caption=\"&lt;div&gt;360&amp;ordm; ADVICE&lt;\/div&gt;\" title=\"slide-4\" alt=\"\" class=\"slider-884 slide-888 msDefaultImage\" \/><\/div><\/div>\n        \n    <\/div>\n<\/div>Developing and manufacturing cosmetic products for skin and hair care since 1975.Products We develop a wide variety of cosmetic products. Standard and customised formulas, special textures and customised packaging.Services We advise throughout the entire process (360\u00b0). From the initial idea to market launch: creative process, manufacturing, quality, packaging, marketing and regulation.Sectors More than 40 [&hellip;]<\/p>\n","protected":false},"author":1,"featured_media":0,"parent":0,"menu_order":0,"comment_status":"closed","ping_status":"open","template":"","meta":{"_et_pb_use_builder":"on","_et_pb_old_content":"","_et_gb_content_width":"","footnotes":""},"class_list":["post-785","page","type-page","status-publish","hentry"],"yoast_head":"<!-- This site is optimized with the Yoast SEO plugin v27.1.1 - https:\/\/yoast.com\/product\/yoast-seo-wordpress\/ -->\n<title>Home - Idesco<\/title>\n<meta name=\"robots\" content=\"index, follow, max-snippet:-1, max-image-preview:large, max-video-preview:-1\" \/>\n<link rel=\"canonical\" href=\"https:\/\/www.idesco.es\/en\/\" \/>\n<meta property=\"og:locale\" content=\"en_US\" \/>\n<meta property=\"og:type\" content=\"article\" \/>\n<meta property=\"og:title\" content=\"Home - Idesco\" \/>\n<meta property=\"og:description\" content=\"Developing and manufacturing cosmetic products for skin and hair care since 1975.Products We develop a wide variety of cosmetic products. Standard and customised formulas, special textures and customised packaging.Services We advise throughout the entire process (360\u00b0). From the initial idea to market launch: creative process, manufacturing, quality, packaging, marketing and regulation.Sectors More than 40 [&hellip;]\" \/>\n<meta property=\"og:url\" content=\"https:\/\/www.idesco.es\/en\/\" \/>\n<meta property=\"og:site_name\" content=\"Idesco\" \/>\n<meta property=\"article:modified_time\" content=\"2024-02-01T14:08:18+00:00\" \/>\n<meta name=\"twitter:card\" content=\"summary_large_image\" \/>\n<meta name=\"twitter:label1\" content=\"Est. reading time\" \/>\n\t<meta name=\"twitter:data1\" content=\"7 minutes\" \/>\n<script type=\"application\/ld+json\" class=\"yoast-schema-graph\">{\"@context\":\"https:\/\/schema.org\",\"@graph\":[{\"@type\":\"WebPage\",\"@id\":\"https:\/\/www.idesco.es\/en\/\",\"url\":\"https:\/\/www.idesco.es\/en\/\",\"name\":\"Home - Idesco\",\"isPartOf\":{\"@id\":\"https:\/\/www.idesco.es\/#website\"},\"datePublished\":\"2023-07-19T15:10:17+00:00\",\"dateModified\":\"2024-02-01T14:08:18+00:00\",\"breadcrumb\":{\"@id\":\"https:\/\/www.idesco.es\/en\/#breadcrumb\"},\"inLanguage\":\"en-US\",\"potentialAction\":[{\"@type\":\"ReadAction\",\"target\":[\"https:\/\/www.idesco.es\/en\/\"]}]},{\"@type\":\"BreadcrumbList\",\"@id\":\"https:\/\/www.idesco.es\/en\/#breadcrumb\",\"itemListElement\":[{\"@type\":\"ListItem\",\"position\":1,\"name\":\"Portada\",\"item\":\"https:\/\/www.idesco.es\/en\/\"},{\"@type\":\"ListItem\",\"position\":2,\"name\":\"Home\"}]},{\"@type\":\"WebSite\",\"@id\":\"https:\/\/www.idesco.es\/#website\",\"url\":\"https:\/\/www.idesco.es\/\",\"name\":\"Idesco\",\"description\":\"\",\"potentialAction\":[{\"@type\":\"SearchAction\",\"target\":{\"@type\":\"EntryPoint\",\"urlTemplate\":\"https:\/\/www.idesco.es\/?s={search_term_string}\"},\"query-input\":{\"@type\":\"PropertyValueSpecification\",\"valueRequired\":true,\"valueName\":\"search_term_string\"}}],\"inLanguage\":\"en-US\"}]}<\/script>\n<!-- \/ Yoast SEO plugin. -->","yoast_head_json":{"title":"Home - Idesco","robots":{"index":"index","follow":"follow","max-snippet":"max-snippet:-1","max-image-preview":"max-image-preview:large","max-video-preview":"max-video-preview:-1"},"canonical":"https:\/\/www.idesco.es\/en\/","og_locale":"en_US","og_type":"article","og_title":"Home - Idesco","og_description":"Developing and manufacturing cosmetic products for skin and hair care since 1975.Products We develop a wide variety of cosmetic products. Standard and customised formulas, special textures and customised packaging.Services We advise throughout the entire process (360\u00b0). From the initial idea to market launch: creative process, manufacturing, quality, packaging, marketing and regulation.Sectors More than 40 [&hellip;]","og_url":"https:\/\/www.idesco.es\/en\/","og_site_name":"Idesco","article_modified_time":"2024-02-01T14:08:18+00:00","twitter_card":"summary_large_image","twitter_misc":{"Est. reading time":"7 minutes"},"schema":{"@context":"https:\/\/schema.org","@graph":[{"@type":"WebPage","@id":"https:\/\/www.idesco.es\/en\/","url":"https:\/\/www.idesco.es\/en\/","name":"Home - Idesco","isPartOf":{"@id":"https:\/\/www.idesco.es\/#website"},"datePublished":"2023-07-19T15:10:17+00:00","dateModified":"2024-02-01T14:08:18+00:00","breadcrumb":{"@id":"https:\/\/www.idesco.es\/en\/#breadcrumb"},"inLanguage":"en-US","potentialAction":[{"@type":"ReadAction","target":["https:\/\/www.idesco.es\/en\/"]}]},{"@type":"BreadcrumbList","@id":"https:\/\/www.idesco.es\/en\/#breadcrumb","itemListElement":[{"@type":"ListItem","position":1,"name":"Portada","item":"https:\/\/www.idesco.es\/en\/"},{"@type":"ListItem","position":2,"name":"Home"}]},{"@type":"WebSite","@id":"https:\/\/www.idesco.es\/#website","url":"https:\/\/www.idesco.es\/","name":"Idesco","description":"","potentialAction":[{"@type":"SearchAction","target":{"@type":"EntryPoint","urlTemplate":"https:\/\/www.idesco.es\/?s={search_term_string}"},"query-input":{"@type":"PropertyValueSpecification","valueRequired":true,"valueName":"search_term_string"}}],"inLanguage":"en-US"}]}},"_links":{"self":[{"href":"https:\/\/www.idesco.es\/en\/wp-json\/wp\/v2\/pages\/785","targetHints":{"allow":["GET"]}}],"collection":[{"href":"https:\/\/www.idesco.es\/en\/wp-json\/wp\/v2\/pages"}],"about":[{"href":"https:\/\/www.idesco.es\/en\/wp-json\/wp\/v2\/types\/page"}],"author":[{"embeddable":true,"href":"https:\/\/www.idesco.es\/en\/wp-json\/wp\/v2\/users\/1"}],"replies":[{"embeddable":true,"href":"https:\/\/www.idesco.es\/en\/wp-json\/wp\/v2\/comments?post=785"}],"version-history":[{"count":11,"href":"https:\/\/www.idesco.es\/en\/wp-json\/wp\/v2\/pages\/785\/revisions"}],"predecessor-version":[{"id":889,"href":"https:\/\/www.idesco.es\/en\/wp-json\/wp\/v2\/pages\/785\/revisions\/889"}],"wp:attachment":[{"href":"https:\/\/www.idesco.es\/en\/wp-json\/wp\/v2\/media?parent=785"}],"curies":[{"name":"wp","href":"https:\/\/api.w.org\/{rel}","templated":true}]}}