{"id":808,"date":"2023-08-03T10:04:18","date_gmt":"2023-08-03T10:04:18","guid":{"rendered":"https:\/\/www.idesco.es\/rdi\/"},"modified":"2024-02-15T10:55:02","modified_gmt":"2024-02-15T10:55:02","slug":"rdi","status":"publish","type":"page","link":"https:\/\/www.idesco.es\/fr\/rdi\/","title":{"rendered":"R+D+I"},"content":{"rendered":"<p>[et_pb_section fb_built=\u00a0\u00bb1&Prime; fullwidth=\u00a0\u00bbon\u00a0\u00bb _builder_version=\u00a0\u00bb4.21.0&Prime; _module_preset=\u00a0\u00bbdefault\u00a0\u00bb global_colors_info=\u00a0\u00bb{}\u00a0\u00bb][et_pb_fullwidth_header title=\u00a0\u00bbR+D+I\u00a0\u00bb _builder_version=\u00a0\u00bb4.21.0&Prime; _module_preset=\u00a0\u00bbdefault\u00a0\u00bb global_colors_info=\u00a0\u00bb{}\u00a0\u00bb][\/et_pb_fullwidth_header][\/et_pb_section][et_pb_section fb_built=\u00a0\u00bb1&Prime; _builder_version=\u00a0\u00bb4.21.0&Prime; _module_preset=\u00a0\u00bbdefault\u00a0\u00bb custom_margin=\u00a0\u00bb||0px||false|false\u00a0\u00bb custom_padding=\u00a0\u00bb||0px||false|false\u00a0\u00bb global_colors_info=\u00a0\u00bb{}\u00a0\u00bb][et_pb_row _builder_version=\u00a0\u00bb4.21.0&Prime; _module_preset=\u00a0\u00bbdefault\u00a0\u00bb global_colors_info=\u00a0\u00bb{}\u00a0\u00bb][et_pb_column type=\u00a0\u00bb4_4&Prime; _builder_version=\u00a0\u00bb4.21.0&Prime; _module_preset=\u00a0\u00bbdefault\u00a0\u00bb global_colors_info=\u00a0\u00bb{}\u00a0\u00bb][et_pb_text _builder_version=\u00a0\u00bb4.21.0&Prime; _module_preset=\u00a0\u00bbdefault\u00a0\u00bb global_colors_info=\u00a0\u00bb{}\u00a0\u00bb]<\/p>\n<h2 style=\"text-align: center;\">Nous disposons de notre propre laboratoire o\u00f9 nous recherchons et d\u00e9veloppons les formules de nos clients.<\/h2>\n<hr>\n<h4 style=\"text-align: center;\">Nous s\u00e9lectionnons les ingr\u00e9dients actifs les plus performants, effectuons en permanence des tests d\u2019efficacit\u00e9 et de stabilit\u00e9 et innovons en mati\u00e8re de conditionnement et de textures en fonction des derni\u00e8res tendances afin d\u2019offrir ce qu\u2019il y a de mieux sur le march\u00e9.<\/h4>\n<h4 style=\"text-align: center;\">Nous disposons \u00e9galement de plus de 1 600 formules standard pr\u00eates \u00e0 \u00eatre adapt\u00e9es selon les besoins.<\/h4>\n<p>[\/et_pb_text][\/et_pb_column][\/et_pb_row][et_pb_row column_structure=\u00a0\u00bb1_5,3_5,1_5&Prime; use_custom_gutter=\u00a0\u00bbon\u00a0\u00bb gutter_width=\u00a0\u00bb1&Prime; _builder_version=\u00a0\u00bb4.21.0&Prime; _module_preset=\u00a0\u00bbdefault\u00a0\u00bb global_colors_info=\u00a0\u00bb{}\u00a0\u00bb][et_pb_column type=\u00a0\u00bb1_5&Prime; _builder_version=\u00a0\u00bb4.21.0&Prime; _module_preset=\u00a0\u00bbdefault\u00a0\u00bb global_colors_info=\u00a0\u00bb{}\u00a0\u00bb][\/et_pb_column][et_pb_column type=\u00a0\u00bb3_5&Prime; _builder_version=\u00a0\u00bb4.21.0&Prime; _module_preset=\u00a0\u00bbdefault\u00a0\u00bb global_colors_info=\u00a0\u00bb{}\u00a0\u00bb][et_pb_text disabled_on=\u00a0\u00bbon|off|off\u00a0\u00bb _builder_version=\u00a0\u00bb4.24.0&Prime; _module_preset=\u00a0\u00bbdefault\u00a0\u00bb hover_enabled=\u00a0\u00bb0&Prime; global_colors_info=\u00a0\u00bb{}\u00a0\u00bb sticky_enabled=\u00a0\u00bb0&Prime;]<\/p>\n<table style=\"height: 126px; width: 100%; border-collapse: collapse;\">\n<tbody>\n<tr style=\"height: 78px; border-style: solid; border-color: #FFFFFF;\">\n<td style=\"width: 20%; height: 78px;\"><img loading=\"lazy\" decoding=\"async\" class=\"wp-image-502 size-full aligncenter\" src=\"https:\/\/www.idesco.es\/wp-content\/uploads\/2023\/12\/TUVRheinland.png\" alt=\"\" width=\"84\" height=\"78\"><\/td>\n<td style=\"width: 20%; height: 78px;\"><img loading=\"lazy\" decoding=\"async\" class=\"wp-image-503 alignnone size-full aligncenter\" src=\"https:\/\/www.idesco.es\/wp-content\/uploads\/2023\/12\/GMP.png\" alt=\"\" width=\"78\" height=\"77\"><\/td>\n<td style=\"width: 20%; height: 78px;\"><img loading=\"lazy\" decoding=\"async\" class=\"wp-image-505 alignnone size-full aligncenter\" src=\"https:\/\/www.idesco.es\/wp-content\/uploads\/2023\/12\/FSC.png\" alt=\"\" width=\"84\" height=\"78\"><\/td>\n<td style=\"width: 20%; height: 78px;\"><img loading=\"lazy\" decoding=\"async\" class=\"wp-image-506 alignnone size-full aligncenter\" src=\"https:\/\/www.idesco.es\/wp-content\/uploads\/2023\/12\/dermatologically.png\" alt=\"\" width=\"84\" height=\"78\"><\/td>\n<\/tr>\n<tr style=\"height: 48px; border-style: solid; border-color: #FFFFFF;\">\n<td style=\"width: 20%; text-align: center; height: 48px;\"><strong>ISO22716<br \/>ISO 9001<\/strong><\/td>\n<td style=\"width: 20%; height: 48px;\"><\/td>\n<td style=\"width: 20%; height: 48px;\"><\/td>\n<td style=\"width: 20%; height: 48px;\"><\/td>\n<\/tr>\n<\/tbody>\n<\/table>\n<p>[\/et_pb_text][et_pb_text disabled_on=\u00a0\u00bboff|on|on\u00a0\u00bb _builder_version=\u00a0\u00bb4.24.0&Prime; _module_preset=\u00a0\u00bbdefault\u00a0\u00bb hover_enabled=\u00a0\u00bb0&Prime; global_colors_info=\u00a0\u00bb{}\u00a0\u00bb sticky_enabled=\u00a0\u00bb0&Prime;]<\/p>\n<p style=\"text-align: center;\"><img loading=\"lazy\" decoding=\"async\" class=\"wp-image-502 size-full aligncenter\" src=\"https:\/\/www.idesco.es\/wp-content\/uploads\/2023\/12\/TUVRheinland.png\" alt=\"\" width=\"84\" height=\"78\" \/><strong>ISO22716<br \/>\nISO 9001<\/strong><\/p>\n<p><img loading=\"lazy\" decoding=\"async\" class=\"wp-image-503 alignnone size-full aligncenter\" src=\"https:\/\/www.idesco.es\/wp-content\/uploads\/2023\/12\/GMP.png\" alt=\"\" width=\"78\" height=\"77\" \/><br \/>\n<img loading=\"lazy\" decoding=\"async\" class=\"wp-image-505 alignnone size-full aligncenter\" src=\"https:\/\/www.idesco.es\/wp-content\/uploads\/2023\/12\/FSC.png\" alt=\"\" width=\"84\" height=\"78\" \/><br \/>\n<img loading=\"lazy\" decoding=\"async\" class=\"wp-image-506 alignnone size-full aligncenter\" src=\"https:\/\/www.idesco.es\/wp-content\/uploads\/2023\/12\/dermatologically.png\" alt=\"\" width=\"84\" height=\"78\" \/><\/p>\n<p>&nbsp;[\/et_pb_text][\/et_pb_column][et_pb_column type=\u00a0\u00bb1_5&Prime; _builder_version=\u00a0\u00bb4.21.0&Prime; _module_preset=\u00a0\u00bbdefault\u00a0\u00bb global_colors_info=\u00a0\u00bb{}\u00a0\u00bb][\/et_pb_column][\/et_pb_row][et_pb_row _builder_version=\u00a0\u00bb4.21.0&Prime; _module_preset=\u00a0\u00bbdefault\u00a0\u00bb global_colors_info=\u00a0\u00bb{}\u00a0\u00bb][et_pb_column type=\u00a0\u00bb4_4&Prime; _builder_version=\u00a0\u00bb4.21.0&Prime; _module_preset=\u00a0\u00bbdefault\u00a0\u00bb global_colors_info=\u00a0\u00bb{}\u00a0\u00bb][et_pb_text _builder_version=\u00a0\u00bb4.21.0&Prime; _module_preset=\u00a0\u00bbdefault\u00a0\u00bb global_colors_info=\u00a0\u00bb{}\u00a0\u00bb]<\/p>\n<h2 style=\"text-align: center;\">\u00c9quipements<\/h2>\n<p>[\/et_pb_text][\/et_pb_column][\/et_pb_row][\/et_pb_section][et_pb_section fb_built=\u00a0\u00bb1&Prime; _builder_version=\u00a0\u00bb4.21.0&Prime; _module_preset=\u00a0\u00bbdefault\u00a0\u00bb background_color=\u00a0\u00bb#eeeeee\u00a0\u00bb custom_margin=\u00a0\u00bb||0px||false|false\u00a0\u00bb global_colors_info=\u00a0\u00bb{}\u00a0\u00bb][et_pb_row column_structure=\u00a0\u00bb1_3,1_3,1_3&Prime; make_equal=\u00a0\u00bbon\u00a0\u00bb _builder_version=\u00a0\u00bb4.21.0&Prime; _module_preset=\u00a0\u00bbdefault\u00a0\u00bb custom_margin=\u00a0\u00bb0px||0px||false|false\u00a0\u00bb custom_padding=\u00a0\u00bb0px||0px||false|false\u00a0\u00bb animation_style=\u00a0\u00bbslide\u00a0\u00bb animation_direction=\u00a0\u00bbright\u00a0\u00bb global_colors_info=\u00a0\u00bb{}\u00a0\u00bb][et_pb_column type=\u00a0\u00bb1_3&Prime; _builder_version=\u00a0\u00bb4.21.0&Prime; _module_preset=\u00a0\u00bbdefault\u00a0\u00bb global_colors_info=\u00a0\u00bb{}\u00a0\u00bb][et_pb_text admin_label=\u00a0\u00bbAnalizador de part\u00edculas\u00a0\u00bb _builder_version=\u00a0\u00bb4.21.0&Prime; _module_preset=\u00a0\u00bbdefault\u00a0\u00bb global_colors_info=\u00a0\u00bb{}\u00a0\u00bb]<\/p>\n<h2>Analyseur de particules<\/h2>\n<p>\u00c9quipement tr\u00e8s rapide et fiable qui fournit des informations tr\u00e8s pr\u00e9cises et garantit que tous les lots fabriqu\u00e9s sont identiques.[\/et_pb_text][\/et_pb_column][et_pb_column type=\u00a0\u00bb1_3&Prime; _builder_version=\u00a0\u00bb4.21.0&Prime; _module_preset=\u00a0\u00bbdefault\u00a0\u00bb global_colors_info=\u00a0\u00bb{}\u00a0\u00bb][et_pb_image src=\u00a0\u00bbhttps:\/\/www.idesco.es\/wp-content\/uploads\/2023\/08\/analizador_particulas.png\u00a0\u00bb title_text=\u00a0\u00bbanalizador_particulas\u00a0\u00bb force_fullwidth=\u00a0\u00bbon\u00a0\u00bb _builder_version=\u00a0\u00bb4.21.0&Prime; _module_preset=\u00a0\u00bbdefault\u00a0\u00bb global_colors_info=\u00a0\u00bb{}\u00a0\u00bb][\/et_pb_image][\/et_pb_column][et_pb_column type=\u00a0\u00bb1_3&Prime; _builder_version=\u00a0\u00bb4.21.0&Prime; _module_preset=\u00a0\u00bbdefault\u00a0\u00bb global_colors_info=\u00a0\u00bb{}\u00a0\u00bb][\/et_pb_column][\/et_pb_row][\/et_pb_section][et_pb_section fb_built=\u00a0\u00bb1&Prime; _builder_version=\u00a0\u00bb4.21.0&Prime; _module_preset=\u00a0\u00bbdefault\u00a0\u00bb custom_margin=\u00a0\u00bb||0px||false|false\u00a0\u00bb global_colors_info=\u00a0\u00bb{}\u00a0\u00bb][et_pb_row column_structure=\u00a0\u00bb1_3,1_3,1_3&Prime; make_equal=\u00a0\u00bbon\u00a0\u00bb _builder_version=\u00a0\u00bb4.21.0&Prime; _module_preset=\u00a0\u00bbdefault\u00a0\u00bb custom_margin=\u00a0\u00bb0px||0px||false|false\u00a0\u00bb custom_padding=\u00a0\u00bb0px||0px||false|false\u00a0\u00bb animation_style=\u00a0\u00bbslide\u00a0\u00bb animation_direction=\u00a0\u00bbleft\u00a0\u00bb global_colors_info=\u00a0\u00bb{}\u00a0\u00bb][et_pb_column type=\u00a0\u00bb1_3&Prime; _builder_version=\u00a0\u00bb4.21.0&Prime; _module_preset=\u00a0\u00bbdefault\u00a0\u00bb global_colors_info=\u00a0\u00bb{}\u00a0\u00bb][\/et_pb_column][et_pb_column type=\u00a0\u00bb1_3&Prime; _builder_version=\u00a0\u00bb4.21.0&Prime; _module_preset=\u00a0\u00bbdefault\u00a0\u00bb global_colors_info=\u00a0\u00bb{}\u00a0\u00bb][et_pb_text admin_label=\u00a0\u00bbLumisizer\u00a0\u00bb _builder_version=\u00a0\u00bb4.21.0&Prime; _module_preset=\u00a0\u00bbdefault\u00a0\u00bb global_colors_info=\u00a0\u00bb{}\u00a0\u00bb]<\/p>\n<h2>Lumisizer<\/h2>\n<p>Gr\u00e2ce \u00e0 sa technologie avanc\u00e9e, nous pouvons analyser des \u00e9mulsions et conna\u00eetre la stabilit\u00e9 physique d\u2019un cosm\u00e9tique, en anticipant d\u2019\u00e9ventuels probl\u00e8mes. Avec les machines standard, ces r\u00e9sultats sont obtenus apr\u00e8s 3 mois. Avec cet \u00e9quipement, nous obtenons des r\u00e9sultats en 24 heures.[\/et_pb_text][\/et_pb_column][et_pb_column type=\u00a0\u00bb1_3&Prime; _builder_version=\u00a0\u00bb4.21.0&Prime; _module_preset=\u00a0\u00bbdefault\u00a0\u00bb global_colors_info=\u00a0\u00bb{}\u00a0\u00bb][et_pb_image src=\u00a0\u00bbhttps:\/\/www.idesco.es\/wp-content\/uploads\/2023\/08\/lumisizer.png\u00a0\u00bb title_text=\u00a0\u00bblumisizer\u00a0\u00bb force_fullwidth=\u00a0\u00bbon\u00a0\u00bb _builder_version=\u00a0\u00bb4.21.0&Prime; _module_preset=\u00a0\u00bbdefault\u00a0\u00bb global_colors_info=\u00a0\u00bb{}\u00a0\u00bb][\/et_pb_image][\/et_pb_column][\/et_pb_row][\/et_pb_section][et_pb_section fb_built=\u00a0\u00bb1&Prime; _builder_version=\u00a0\u00bb4.21.0&Prime; _module_preset=\u00a0\u00bbdefault\u00a0\u00bb background_color=\u00a0\u00bb#eeeeee\u00a0\u00bb custom_margin=\u00a0\u00bb||0px||false|false\u00a0\u00bb global_colors_info=\u00a0\u00bb{}\u00a0\u00bb][et_pb_row column_structure=\u00a0\u00bb1_3,1_3,1_3&Prime; make_equal=\u00a0\u00bbon\u00a0\u00bb _builder_version=\u00a0\u00bb4.21.0&Prime; _module_preset=\u00a0\u00bbdefault\u00a0\u00bb custom_margin=\u00a0\u00bb0px||0px||false|false\u00a0\u00bb custom_padding=\u00a0\u00bb0px||0px||false|false\u00a0\u00bb animation_style=\u00a0\u00bbslide\u00a0\u00bb animation_direction=\u00a0\u00bbright\u00a0\u00bb global_colors_info=\u00a0\u00bb{}\u00a0\u00bb][et_pb_column type=\u00a0\u00bb1_3&Prime; _builder_version=\u00a0\u00bb4.21.0&Prime; _module_preset=\u00a0\u00bbdefault\u00a0\u00bb global_colors_info=\u00a0\u00bb{}\u00a0\u00bb][et_pb_text admin_label=\u00a0\u00bbReometr\u00eda\u00a0\u00bb _builder_version=\u00a0\u00bb4.21.0&Prime; _module_preset=\u00a0\u00bbdefault\u00a0\u00bb global_colors_info=\u00a0\u00bb{}\u00a0\u00bb]<\/p>\n<h2>Rh\u00e9om\u00e9trie<\/h2>\n<p>Nous mesurons la fluidit\u00e9 des produits \u00e0 l\u2019aide d\u2019un rh\u00e9om\u00e8tre de pointe. l\u2019un des appareils les plus avanc\u00e9s sur le march\u00e9, qui fournit beaucoup plus d\u2019informations qu\u2019un viscosim\u00e8tre. Nous nous assurons ainsi que le produit livr\u00e9 au point de vente a toujours la m\u00eame viscosit\u00e9.[\/et_pb_text][\/et_pb_column][et_pb_column type=\u00a0\u00bb1_3&Prime; _builder_version=\u00a0\u00bb4.21.0&Prime; _module_preset=\u00a0\u00bbdefault\u00a0\u00bb global_colors_info=\u00a0\u00bb{}\u00a0\u00bb][et_pb_image src=\u00a0\u00bbhttps:\/\/www.idesco.es\/wp-content\/uploads\/2023\/08\/reometro.png\u00a0\u00bb title_text=\u00a0\u00bbreometro\u00a0\u00bb force_fullwidth=\u00a0\u00bbon\u00a0\u00bb _builder_version=\u00a0\u00bb4.21.0&Prime; _module_preset=\u00a0\u00bbdefault\u00a0\u00bb global_colors_info=\u00a0\u00bb{}\u00a0\u00bb][\/et_pb_image][\/et_pb_column][et_pb_column type=\u00a0\u00bb1_3&Prime; _builder_version=\u00a0\u00bb4.21.0&Prime; _module_preset=\u00a0\u00bbdefault\u00a0\u00bb global_colors_info=\u00a0\u00bb{}\u00a0\u00bb][\/et_pb_column][\/et_pb_row][\/et_pb_section][et_pb_section fb_built=\u00a0\u00bb1&Prime; _builder_version=\u00a0\u00bb4.21.0&Prime; _module_preset=\u00a0\u00bbdefault\u00a0\u00bb custom_margin=\u00a0\u00bb||0px||false|false\u00a0\u00bb global_colors_info=\u00a0\u00bb{}\u00a0\u00bb][et_pb_row column_structure=\u00a0\u00bb1_3,1_3,1_3&Prime; make_equal=\u00a0\u00bbon\u00a0\u00bb _builder_version=\u00a0\u00bb4.21.0&Prime; _module_preset=\u00a0\u00bbdefault\u00a0\u00bb custom_margin=\u00a0\u00bb0px||0px||false|false\u00a0\u00bb custom_padding=\u00a0\u00bb0px||0px||false|false\u00a0\u00bb animation_style=\u00a0\u00bbslide\u00a0\u00bb animation_direction=\u00a0\u00bbleft\u00a0\u00bb global_colors_info=\u00a0\u00bb{}\u00a0\u00bb][et_pb_column type=\u00a0\u00bb1_3&Prime; _builder_version=\u00a0\u00bb4.21.0&Prime; _module_preset=\u00a0\u00bbdefault\u00a0\u00bb global_colors_info=\u00a0\u00bb{}\u00a0\u00bb][\/et_pb_column][et_pb_column type=\u00a0\u00bb1_3&Prime; _builder_version=\u00a0\u00bb4.21.0&Prime; _module_preset=\u00a0\u00bbdefault\u00a0\u00bb global_colors_info=\u00a0\u00bb{}\u00a0\u00bb][et_pb_text admin_label=\u00a0\u00bbC\u00e1mara clim\u00e1tica\u00a0\u00bb _builder_version=\u00a0\u00bb4.21.0&Prime; _module_preset=\u00a0\u00bbdefault\u00a0\u00bb global_colors_info=\u00a0\u00bb{}\u00a0\u00bb]<\/p>\n<h2>Chambre climatique<\/h2>\n<p>Nous contr\u00f4lons la temp\u00e9rature et l\u2019humidit\u00e9 et effectuons des simulations.<br \/>\nNous testons le produit et v\u00e9rifions son comportement dans des conditions constantes et de stress.<\/p>\n<p>Autres \u00e9quipements : microscopes, centrifugeuses et polym\u00e8tres.[\/et_pb_text][\/et_pb_column][et_pb_column type=\u00a0\u00bb1_3&Prime; _builder_version=\u00a0\u00bb4.21.0&Prime; _module_preset=\u00a0\u00bbdefault\u00a0\u00bb global_colors_info=\u00a0\u00bb{}\u00a0\u00bb][et_pb_image src=\u00a0\u00bbhttps:\/\/www.idesco.es\/wp-content\/uploads\/2023\/08\/camara_climatica.png\u00a0\u00bb title_text=\u00a0\u00bbcamara_climatica\u00a0\u00bb force_fullwidth=\u00a0\u00bbon\u00a0\u00bb _builder_version=\u00a0\u00bb4.21.0&Prime; _module_preset=\u00a0\u00bbdefault\u00a0\u00bb global_colors_info=\u00a0\u00bb{}\u00a0\u00bb][\/et_pb_image][\/et_pb_column][\/et_pb_row][\/et_pb_section]<\/p>\n","protected":false},"excerpt":{"rendered":"<p>Nous disposons de notre propre laboratoire o\u00f9 nous recherchons et d\u00e9veloppons les formules de nos clients. Nous s\u00e9lectionnons les ingr\u00e9dients actifs les plus performants, effectuons en permanence des tests d\u2019efficacit\u00e9 et de stabilit\u00e9 et innovons en mati\u00e8re de conditionnement et de textures en fonction des derni\u00e8res tendances afin d\u2019offrir ce qu\u2019il y a de mieux [&hellip;]<\/p>\n","protected":false},"author":1,"featured_media":0,"parent":0,"menu_order":0,"comment_status":"closed","ping_status":"open","template":"","meta":{"_et_pb_use_builder":"on","_et_pb_old_content":"","_et_gb_content_width":"","footnotes":""},"class_list":["post-808","page","type-page","status-publish","hentry"],"yoast_head":"<!-- This site is optimized with the Yoast SEO plugin v27.1.1 - https:\/\/yoast.com\/product\/yoast-seo-wordpress\/ -->\n<title>R+D+I - Idesco<\/title>\n<meta name=\"robots\" content=\"index, follow, max-snippet:-1, max-image-preview:large, max-video-preview:-1\" \/>\n<link rel=\"canonical\" href=\"https:\/\/www.idesco.es\/fr\/rdi\/\" \/>\n<meta property=\"og:locale\" content=\"fr_FR\" \/>\n<meta property=\"og:type\" content=\"article\" \/>\n<meta property=\"og:title\" content=\"R+D+I - Idesco\" \/>\n<meta property=\"og:description\" content=\"Nous disposons de notre propre laboratoire o\u00f9 nous recherchons et d\u00e9veloppons les formules de nos clients. Nous s\u00e9lectionnons les ingr\u00e9dients actifs les plus performants, effectuons en permanence des tests d\u2019efficacit\u00e9 et de stabilit\u00e9 et innovons en mati\u00e8re de conditionnement et de textures en fonction des derni\u00e8res tendances afin d\u2019offrir ce qu\u2019il y a de mieux [&hellip;]\" \/>\n<meta property=\"og:url\" content=\"https:\/\/www.idesco.es\/fr\/rdi\/\" \/>\n<meta property=\"og:site_name\" content=\"Idesco\" \/>\n<meta property=\"article:modified_time\" content=\"2024-02-15T10:55:02+00:00\" \/>\n<meta property=\"og:image\" content=\"https:\/\/www.idesco.es\/wp-content\/uploads\/2023\/12\/TUVRheinland.png\" \/>\n<meta name=\"twitter:card\" content=\"summary_large_image\" \/>\n<meta name=\"twitter:label1\" content=\"Dur\u00e9e de lecture estim\u00e9e\" \/>\n\t<meta name=\"twitter:data1\" content=\"4 minutes\" \/>\n<script type=\"application\/ld+json\" class=\"yoast-schema-graph\">{\"@context\":\"https:\/\/schema.org\",\"@graph\":[{\"@type\":\"WebPage\",\"@id\":\"https:\/\/www.idesco.es\/fr\/rdi\/\",\"url\":\"https:\/\/www.idesco.es\/fr\/rdi\/\",\"name\":\"R+D+I - Idesco\",\"isPartOf\":{\"@id\":\"https:\/\/www.idesco.es\/#website\"},\"primaryImageOfPage\":{\"@id\":\"https:\/\/www.idesco.es\/fr\/rdi\/#primaryimage\"},\"image\":{\"@id\":\"https:\/\/www.idesco.es\/fr\/rdi\/#primaryimage\"},\"thumbnailUrl\":\"https:\/\/www.idesco.es\/wp-content\/uploads\/2023\/12\/TUVRheinland.png\",\"datePublished\":\"2023-08-03T10:04:18+00:00\",\"dateModified\":\"2024-02-15T10:55:02+00:00\",\"breadcrumb\":{\"@id\":\"https:\/\/www.idesco.es\/fr\/rdi\/#breadcrumb\"},\"inLanguage\":\"fr-FR\",\"potentialAction\":[{\"@type\":\"ReadAction\",\"target\":[\"https:\/\/www.idesco.es\/fr\/rdi\/\"]}]},{\"@type\":\"ImageObject\",\"inLanguage\":\"fr-FR\",\"@id\":\"https:\/\/www.idesco.es\/fr\/rdi\/#primaryimage\",\"url\":\"https:\/\/www.idesco.es\/wp-content\/uploads\/2023\/12\/TUVRheinland.png\",\"contentUrl\":\"https:\/\/www.idesco.es\/wp-content\/uploads\/2023\/12\/TUVRheinland.png\"},{\"@type\":\"BreadcrumbList\",\"@id\":\"https:\/\/www.idesco.es\/fr\/rdi\/#breadcrumb\",\"itemListElement\":[{\"@type\":\"ListItem\",\"position\":1,\"name\":\"Portada\",\"item\":\"https:\/\/www.idesco.es\/fr\/\"},{\"@type\":\"ListItem\",\"position\":2,\"name\":\"R+D+I\"}]},{\"@type\":\"WebSite\",\"@id\":\"https:\/\/www.idesco.es\/#website\",\"url\":\"https:\/\/www.idesco.es\/\",\"name\":\"Idesco\",\"description\":\"\",\"potentialAction\":[{\"@type\":\"SearchAction\",\"target\":{\"@type\":\"EntryPoint\",\"urlTemplate\":\"https:\/\/www.idesco.es\/?s={search_term_string}\"},\"query-input\":{\"@type\":\"PropertyValueSpecification\",\"valueRequired\":true,\"valueName\":\"search_term_string\"}}],\"inLanguage\":\"fr-FR\"}]}<\/script>\n<!-- \/ Yoast SEO plugin. -->","yoast_head_json":{"title":"R+D+I - Idesco","robots":{"index":"index","follow":"follow","max-snippet":"max-snippet:-1","max-image-preview":"max-image-preview:large","max-video-preview":"max-video-preview:-1"},"canonical":"https:\/\/www.idesco.es\/fr\/rdi\/","og_locale":"fr_FR","og_type":"article","og_title":"R+D+I - Idesco","og_description":"Nous disposons de notre propre laboratoire o\u00f9 nous recherchons et d\u00e9veloppons les formules de nos clients. Nous s\u00e9lectionnons les ingr\u00e9dients actifs les plus performants, effectuons en permanence des tests d\u2019efficacit\u00e9 et de stabilit\u00e9 et innovons en mati\u00e8re de conditionnement et de textures en fonction des derni\u00e8res tendances afin d\u2019offrir ce qu\u2019il y a de mieux [&hellip;]","og_url":"https:\/\/www.idesco.es\/fr\/rdi\/","og_site_name":"Idesco","article_modified_time":"2024-02-15T10:55:02+00:00","og_image":[{"url":"https:\/\/www.idesco.es\/wp-content\/uploads\/2023\/12\/TUVRheinland.png","type":"","width":"","height":""}],"twitter_card":"summary_large_image","twitter_misc":{"Dur\u00e9e de lecture estim\u00e9e":"4 minutes"},"schema":{"@context":"https:\/\/schema.org","@graph":[{"@type":"WebPage","@id":"https:\/\/www.idesco.es\/fr\/rdi\/","url":"https:\/\/www.idesco.es\/fr\/rdi\/","name":"R+D+I - Idesco","isPartOf":{"@id":"https:\/\/www.idesco.es\/#website"},"primaryImageOfPage":{"@id":"https:\/\/www.idesco.es\/fr\/rdi\/#primaryimage"},"image":{"@id":"https:\/\/www.idesco.es\/fr\/rdi\/#primaryimage"},"thumbnailUrl":"https:\/\/www.idesco.es\/wp-content\/uploads\/2023\/12\/TUVRheinland.png","datePublished":"2023-08-03T10:04:18+00:00","dateModified":"2024-02-15T10:55:02+00:00","breadcrumb":{"@id":"https:\/\/www.idesco.es\/fr\/rdi\/#breadcrumb"},"inLanguage":"fr-FR","potentialAction":[{"@type":"ReadAction","target":["https:\/\/www.idesco.es\/fr\/rdi\/"]}]},{"@type":"ImageObject","inLanguage":"fr-FR","@id":"https:\/\/www.idesco.es\/fr\/rdi\/#primaryimage","url":"https:\/\/www.idesco.es\/wp-content\/uploads\/2023\/12\/TUVRheinland.png","contentUrl":"https:\/\/www.idesco.es\/wp-content\/uploads\/2023\/12\/TUVRheinland.png"},{"@type":"BreadcrumbList","@id":"https:\/\/www.idesco.es\/fr\/rdi\/#breadcrumb","itemListElement":[{"@type":"ListItem","position":1,"name":"Portada","item":"https:\/\/www.idesco.es\/fr\/"},{"@type":"ListItem","position":2,"name":"R+D+I"}]},{"@type":"WebSite","@id":"https:\/\/www.idesco.es\/#website","url":"https:\/\/www.idesco.es\/","name":"Idesco","description":"","potentialAction":[{"@type":"SearchAction","target":{"@type":"EntryPoint","urlTemplate":"https:\/\/www.idesco.es\/?s={search_term_string}"},"query-input":{"@type":"PropertyValueSpecification","valueRequired":true,"valueName":"search_term_string"}}],"inLanguage":"fr-FR"}]}},"_links":{"self":[{"href":"https:\/\/www.idesco.es\/fr\/wp-json\/wp\/v2\/pages\/808","targetHints":{"allow":["GET"]}}],"collection":[{"href":"https:\/\/www.idesco.es\/fr\/wp-json\/wp\/v2\/pages"}],"about":[{"href":"https:\/\/www.idesco.es\/fr\/wp-json\/wp\/v2\/types\/page"}],"author":[{"embeddable":true,"href":"https:\/\/www.idesco.es\/fr\/wp-json\/wp\/v2\/users\/1"}],"replies":[{"embeddable":true,"href":"https:\/\/www.idesco.es\/fr\/wp-json\/wp\/v2\/comments?post=808"}],"version-history":[{"count":3,"href":"https:\/\/www.idesco.es\/fr\/wp-json\/wp\/v2\/pages\/808\/revisions"}],"predecessor-version":[{"id":1041,"href":"https:\/\/www.idesco.es\/fr\/wp-json\/wp\/v2\/pages\/808\/revisions\/1041"}],"wp:attachment":[{"href":"https:\/\/www.idesco.es\/fr\/wp-json\/wp\/v2\/media?parent=808"}],"curies":[{"name":"wp","href":"https:\/\/api.w.org\/{rel}","templated":true}]}}