{"id":905,"date":"2024-01-15T11:12:04","date_gmt":"2024-01-15T11:12:04","guid":{"rendered":"https:\/\/www.idesco.es\/mention-legale\/"},"modified":"2024-02-01T14:29:25","modified_gmt":"2024-02-01T14:29:25","slug":"mention-legale","status":"publish","type":"page","link":"https:\/\/www.idesco.es\/fr\/mention-legale\/","title":{"rendered":"Mention l\u00e9gale"},"content":{"rendered":"<p>[et_pb_section fb_built=\u00a0\u00bb1&Prime; fullwidth=\u00a0\u00bbon\u00a0\u00bb theme_builder_area=\u00a0\u00bbpost_content\u00a0\u00bb _builder_version=\u00a0\u00bb4.24.0&Prime; _module_preset=\u00a0\u00bbdefault\u00a0\u00bb admin_label=\u00a0\u00bbSection\u00a0\u00bb][et_pb_fullwidth_header _builder_version=\u00a0\u00bb4.24.0&Prime; _module_preset=\u00a0\u00bbdefault\u00a0\u00bb theme_builder_area=\u00a0\u00bbpost_content\u00a0\u00bb title=\u00a0\u00bbMention l\u00e9gale\u00a0\u00bb hover_enabled=\u00a0\u00bb0&Prime; sticky_enabled=\u00a0\u00bb0&Prime;][\/et_pb_fullwidth_header][\/et_pb_section][et_pb_section fb_built=\u00a0\u00bb1&Prime; _builder_version=\u00a0\u00bb4.23.4&Prime; _module_preset=\u00a0\u00bbdefault\u00a0\u00bb global_colors_info=\u00a0\u00bb{}\u00a0\u00bb][et_pb_row _builder_version=\u00a0\u00bb4.23.4&Prime; _module_preset=\u00a0\u00bbdefault\u00a0\u00bb global_colors_info=\u00a0\u00bb{}\u00a0\u00bb][et_pb_column type=\u00a0\u00bb4_4&Prime; _builder_version=\u00a0\u00bb4.23.4&Prime; _module_preset=\u00a0\u00bbdefault\u00a0\u00bb global_colors_info=\u00a0\u00bb{}\u00a0\u00bb][et_pb_text _builder_version=\u00a0\u00bb4.23.4&Prime; _module_preset=\u00a0\u00bbdefault\u00a0\u00bb global_colors_info=\u00a0\u00bb{}\u00a0\u00bb]<\/p>\n<h4>Identificaci\u00f3n del titular<\/h4>\n<p class=\"margin1\">Para dar cumplimiento con lo establecido en la Ley 34\/2002, de 11 de julio, de servicios de la sociedad de la informaci\u00f3n y de comercio electr\u00f3nico, a continuaci\u00f3n se indican los datos de informaci\u00f3n general de este sitio web:<\/p>\n<ul>\n<li>Investigaci\u00f3n y Desarrollo de Cosm\u00e9ticos, S.A.<\/li>\n<li>Costa Brava 30 5\u00aa planta 08030 Barcelona<\/li>\n<li>Email contacto: <a href=\"mailto:info@selvert.com\">info@selvert.com<\/a><\/li>\n<li>Tel\u00e9fono de contacto: + 34 93 345 94 50<\/li>\n<li>NIF: A08749608<\/li>\n<li>Registro Mercantil: Registro Mercantil de Barcelona al Tomo5192, Folio 64, Secci\u00f3n 4501 Hoja 63791<\/li>\n<\/ul>\n<h4>Aceptaci\u00f3n de las condiciones generales<\/h4>\n<p class=\"margin1\">El acceso a este sitio web o su utilizaci\u00f3n en cualquier forma implica la aceptaci\u00f3n de las presentes condiciones generales y de las que, en cualquier momento, pueda establecer INVESTIGACI\u00d3N Y DESARROLLO DE COSM\u00c9TICOS, S.A.. En consecuencia, ser\u00e1 responsabilidad del usuario la lectura de las condiciones generales de uso vigentes en cada momento.<\/p>\n<p class=\"margin1\">La utilizaci\u00f3n de determinados servicios implicar\u00e1 asimismo la aceptaci\u00f3n, sin reserva alguna, de las normas particulares o instrucciones que INVESTIGACI\u00d3N Y DESARROLLO DE COSM\u00c9TICOS, S.A. pudiera establecer con car\u00e1cter espec\u00edfico, sustitutivo o complementario al de las presentes condiciones generales.<\/p>\n<p>Las condiciones de uso de este sitio web tienen car\u00e1cter indefinido. INVESTIGACI\u00d3N Y DESARROLLO DE COSM\u00c9TICOS, S.A. se reserva en todo caso el derecho unilateral de modificar su contenido.<\/p>\n<h4>Condiciones de uso del sitio web<\/h4>\n<h5>Uso de este sitio web, sus contenidos y servicios<\/h5>\n<p class=\"margin1\">El usuario se compromete a utilizar este sitio web y sus servicios y contenidos de forma correcta y l\u00edcita, de acuerdo con la legislaci\u00f3n vigente, la buena fe y los usos generalmente aceptados.<\/p>\n<p class=\"margin1\">El usuario no realizar\u00e1 acciones que puedan causar da\u00f1os a las p\u00e1ginas web de este sitio o que puedan inutilizarlo, sobrecargarlo o deteriorarlo de cualquier manera. Tampoco llevar\u00e1 a cabo ninguna actividad que pueda impedir a los dem\u00e1s usuarios la normal utilizaci\u00f3n o disfrute del sitio web.<\/p>\n<p class=\"margin1\">Quedan prohibidos los siguientes actos en relaci\u00f3n con los contenidos de este sitio web:<\/p>\n<ul>\n<li>Su reproducci\u00f3n, distribuci\u00f3n o modificaci\u00f3n, salvo que se cuente con la autorizaci\u00f3n de sus leg\u00edtimos titulares o resulte legalmente permitido.<\/li>\n<li>La vulneraci\u00f3n de los derechos de INVESTIGACI\u00d3N Y DESARROLLO DE COSM\u00c9TICOS, S.A. o de sus leg\u00edtimos titulares sobre dichos contenidos.<\/li>\n<li>Su utilizaci\u00f3n para todo tipo de fines comerciales o publicitarios, a no ser que se cuente con la autorizaci\u00f3n por escrito de INVESTIGACI\u00d3N Y DESARROLLO DE COSM\u00c9TICOS, S.A.<\/li>\n<li>Cualquier intento de obtener los contenidos del Web por cualquier medio distinto de los que se pongan a disposici\u00f3n de los usuarios as\u00ed como de los que habitualmente se empleen en la red, siempre que no causen perjuicio alguno al Web de INVESTIGACI\u00d3N Y DESARROLLO DE COSM\u00c9TICOS, S.A.<\/li>\n<\/ul>\n<h3>Derechos de propiedad intelectual e industrial<\/h3>\n<p class=\"margin1\">INVESTIGACI\u00d3N Y DESARROLLO DE COSM\u00c9TICOS, S.A. es titular de los derechos de explotaci\u00f3n de propiedad intelectual e industrial de este sitio web. INVESTIGACI\u00d3N Y DESARROLLO DE COSM\u00c9TICOS, S.A. tambi\u00e9n es titular de los derechos de propiedad intelectual, industrial y de imagen sobre los contenidos disponibles en este sitio web, o cuenta con la autorizaci\u00f3n necesaria para su utilizaci\u00f3n. El acceso, navegaci\u00f3n y uso de este sitio web por el usuario no implica en ning\u00fan caso renuncia, transmisi\u00f3n, licencia ni cesi\u00f3n total o parcial por parte de INVESTIGACI\u00d3N Y DESARROLLO DE COSM\u00c9TICOS, S.A. de los citados derechos.<\/p>\n<p class=\"margin1\">En consecuencia, no est\u00e1 permitido suprimir, eludir o manipular el aviso de derechos de autor (\u00ab\u00a0copyright\u00a0\u00bb) y cualesquiera otros datos de identificaci\u00f3n de los derechos de INVESTIGACI\u00d3N Y DESARROLLO DE COSM\u00c9TICOS, S.A. o de sus titulares incorporados a los contenidos, as\u00ed como los dispositivos t\u00e9cnicos de protecci\u00f3n, las huellas digitales o cualesquiera mecanismos de informaci\u00f3n o de identificaci\u00f3n que pudieran formar parte de los contenidos.<\/p>\n<p class=\"margin1\">Igualmente queda prohibido reproducir, modificar, reutilizar, explotar, comunicar p\u00fablicamente, cargar archivos, enviar por correo, transmitir, usar, tratar o distribuir de cualquier forma la totalidad o parte de los contenidos incluidos en la p\u00e1gina web para prop\u00f3sitos publicitarios o comerciales, si no se cuenta con la autorizaci\u00f3n expresa y por escrito de INVESTIGACI\u00d3N Y DESARROLLO DE COSM\u00c9TICOS, S.A. o, en su caso, del titular de los derechos que corresponda.<\/p>\n<p class=\"margin1\">El nombre INVESTIGACI\u00d3N Y DESARROLLO DE COSM\u00c9TICOS, S.A. y el correspondiente logo es marca registrada y queda prohibida su reproducci\u00f3n o uso sin la autorizaci\u00f3n de su titular.<\/p>\n<p>La legitimidad de los derechos de propiedad intelectual o industrial correspondientes a los contenidos aportados por terceros es de su exclusiva responsabilidad.<\/p>\n<h3>Responsabilidades del propietario de la p\u00e1gina web<\/h3>\n<p class=\"margin1\">INVESTIGACI\u00d3N Y DESARROLLO DE COSM\u00c9TICOS, S.A. no se hace responsable en ning\u00fan caso de los da\u00f1os y perjuicios de cualquier naturaleza que pudieran causarse por:<\/p>\n<ul>\n<li>la no disponibilidad, mantenimiento y funcionamiento de la p\u00e1gina web o de sus servicios o contenidos;<\/li>\n<li>la falta de utilidad, adecuaci\u00f3n o validez de la p\u00e1gina web o de sus servicios o contenidos para satisfacer necesidades, actividades o resultados concretos o expectativas de los usuarios;<\/li>\n<li>cualquier uso de los contenidos por parte de los usuarios, y especialmente los usos il\u00edcitos, negligentes, fraudulentos o contrarios a las presentes condiciones generales, a la buena fe, a los usos generalmente aceptados y al orden p\u00fablico;<\/li>\n<\/ul>\n<h3>Responsabilidad del usuario<\/h3>\n<p class=\"margin1\">El usuario se compromete a no utilizar el sitio web ni la informaci\u00f3n ofrecida en el mismo para la realizaci\u00f3n de actividades contrarias a la Ley, la moral o el orden p\u00fablico y, en general, a hacer un uso conforme a las condiciones establecidas por INVESTIGACI\u00d3N Y DESARROLLO DE COSM\u00c9TICOS, S.A.<\/p>\n<p>Las opiniones, contenidos y, en general, todas las actividades realizadas por el usuario, son de su exclusiva responsabilidad, sin que pueda responsabilizarse a INVESTIGACI\u00d3N Y DESARROLLO DE COSM\u00c9TICOS, S.A. de los da\u00f1os o perjuicios que pudieran derivarse de dichas actividades ajenas a su voluntad y sin que \u00e9sta tenga un conocimiento efectivo de las mismas.<\/p>\n<h3>Enlaces<\/h3>\n<p class=\"margin1\">En este sitio web el usuario podr\u00e1 encontrar diversos enlaces que le conducir\u00e1n a p\u00e1ginas web independientes a INVESTIGACI\u00d3N Y DESARROLLO DE COSM\u00c9TICOS, S.A.. Su \u00fanica finalidad es la de facilitar y animar el acceso a otros servicios o fuentes de informaci\u00f3n en Internet.<\/p>\n<p class=\"margin1\">INVESTIGACI\u00d3N Y DESARROLLO DE COSM\u00c9TICOS, S.A. no se hace responsable de los contenidos a los que se acceda en virtud de los mencionados enlaces, ni de las modificaciones que se lleven a cabo en los mismos, ni del uso que de aquellos se realice, ni de su disponibilidad t\u00e9cnica.<\/p>\n<p class=\"margin1\">El establecimiento de cualquier hiperenlace desde una p\u00e1gina web ajena, a cualquiera de las p\u00e1ginas del sitio web de INVESTIGACI\u00d3N Y DESARROLLO DE COSM\u00c9TICOS, S.A. estar\u00e1 sometido a las siguientes condiciones:<\/p>\n<ul>\n<li>No se permite la reproducci\u00f3n ni total ni parcial de ninguno de los servicios o contenidos que forman parte de INVESTIGACI\u00d3N Y DESARROLLO DE COSM\u00c9TICOS, S.A.<\/li>\n<li>No se incluir\u00e1 ninguna manifestaci\u00f3n falsa, inexacta o incorrecta sobre las p\u00e1ginas de INVESTIGACI\u00d3N Y DESARROLLO DE COSM\u00c9TICOS, S.A. y sus servicios.<\/li>\n<li>Queda prohibida la utilizaci\u00f3n de t\u00e9cnicas de \u00ab\u00a0deep linking\u00a0\u00bb que generen confusi\u00f3n en el usuario, como por ejemplo el \u00ab\u00a0framing\u00a0\u00bb, y\/o supongan un aprovechamiento indebido o il\u00edcito de la reputaci\u00f3n de INVESTIGACI\u00d3N Y DESARROLLO DE COSM\u00c9TICOS, S.A., o sus contenidos y servicios.<\/li>\n<\/ul>\n<h3>Modificaci\u00f3n y terminaci\u00f3n de servicios<\/h3>\n<p>INVESTIGACI\u00d3N Y DESARROLLO DE COSM\u00c9TICOS, S.A. se reserva el derecho a modificar, suspender o dar por terminada la prestaci\u00f3n de los servicios o contenidos de INVESTIGACI\u00d3N Y DESARROLLO DE COSM\u00c9TICOS, S.A., en todo o en parte, en cualquier momento, y sin necesidad de preaviso a los usuarios del sitio web.<\/p>\n<h3>Comunicaciones por escrito y notificaciones<\/h3>\n<p class=\"margin1\">La normativa aplicable exige que parte de la informaci\u00f3n o comunicaciones que le enviemos sean por escrito. Al usar el sitio web INVESTIGACI\u00d3N Y DESARROLLO DE COSM\u00c9TICOS, S.A., usted acepta que la mayor parte de las comunicaciones con nosotros se realicen por v\u00eda electr\u00f3nica.<\/p>\n<p class=\"margin1\">A efectos contractuales, Usted consiente en utilizar el correo electr\u00f3nico como medio de comunicaci\u00f3n y reconoce que todo contrato, notificaci\u00f3n, informaci\u00f3n y dem\u00e1s comunicaciones que le enviemos de forma electr\u00f3nica cumplen con los requisitos legales de ser por escrito. Esta condici\u00f3n no afectar\u00e1 a sus derechos reconocidos por ley.<\/p>\n<p>Las notificaciones que usted nos env\u00ede deber\u00e1n enviarse preferiblemente a trav\u00e9s de nuestro formulario de contacto. Con arreglo a lo anteriormente dispuesto y salvo que se estipule lo contrario, le podremos enviar comunicaciones bien al e-mail o bien a la direcci\u00f3n postal facilitada por usted a la hora de realizar un pedido.<\/p>\n<h4>Nulidad e ineficacia de las cl\u00e1usulas<\/h4>\n<p>Si cualquier cl\u00e1usula incluida en estas condiciones fuese declarada total o parcialmente nula o ineficaz, tal nulidad afectar\u00e1 tan s\u00f3lo a dicha disposici\u00f3n o la parte de la misma que resulte nula o ineficaz, subsistiendo en todo lo dem\u00e1s las condiciones.<\/p>\n<h4>Jurisdicci\u00f3n<\/h4>\n<p class=\"margin1\">Las presentes condiciones generales se regir\u00e1n por la legislaci\u00f3n espa\u00f1ola.<\/p>\n<p class=\"last\">Toda cuesti\u00f3n litigiosa que incumba a los servicios prestados a trav\u00e9s de este sitio web ser\u00e1 resuelta a trav\u00e9s de los juzgados y tribunales correspondientes de conformidad con la legislaci\u00f3n espa\u00f1ola.<\/p>\n<p>[\/et_pb_text][\/et_pb_column][\/et_pb_row][\/et_pb_section]<\/p>\n","protected":false},"excerpt":{"rendered":"<p>Identificaci\u00f3n del titular Para dar cumplimiento con lo establecido en la Ley 34\/2002, de 11 de julio, de servicios de la sociedad de la informaci\u00f3n y de comercio electr\u00f3nico, a continuaci\u00f3n se indican los datos de informaci\u00f3n general de este sitio web: Investigaci\u00f3n y Desarrollo de Cosm\u00e9ticos, S.A. Costa Brava 30 5\u00aa planta 08030 Barcelona [&hellip;]<\/p>\n","protected":false},"author":1,"featured_media":0,"parent":0,"menu_order":0,"comment_status":"closed","ping_status":"closed","template":"","meta":{"_et_pb_use_builder":"on","_et_pb_old_content":"","_et_gb_content_width":"","footnotes":""},"class_list":["post-905","page","type-page","status-publish","hentry"],"yoast_head":"<!-- This site is optimized with the Yoast SEO plugin v27.1.1 - https:\/\/yoast.com\/product\/yoast-seo-wordpress\/ -->\n<title>Mention l\u00e9gale - Idesco<\/title>\n<meta name=\"robots\" content=\"index, follow, max-snippet:-1, max-image-preview:large, max-video-preview:-1\" \/>\n<link rel=\"canonical\" href=\"https:\/\/www.idesco.es\/aviso-legal\/\" \/>\n<meta property=\"og:locale\" content=\"fr_FR\" \/>\n<meta property=\"og:type\" content=\"article\" \/>\n<meta property=\"og:title\" content=\"Mention l\u00e9gale - Idesco\" \/>\n<meta property=\"og:description\" content=\"Identificaci\u00f3n del titular Para dar cumplimiento con lo establecido en la Ley 34\/2002, de 11 de julio, de servicios de la sociedad de la informaci\u00f3n y de comercio electr\u00f3nico, a continuaci\u00f3n se indican los datos de informaci\u00f3n general de este sitio web: Investigaci\u00f3n y Desarrollo de Cosm\u00e9ticos, S.A. Costa Brava 30 5\u00aa planta 08030 Barcelona [&hellip;]\" \/>\n<meta property=\"og:url\" content=\"https:\/\/www.idesco.es\/aviso-legal\/\" \/>\n<meta property=\"og:site_name\" content=\"Idesco\" \/>\n<meta property=\"article:modified_time\" content=\"2024-02-01T14:29:25+00:00\" \/>\n<meta name=\"twitter:card\" content=\"summary_large_image\" \/>\n<meta name=\"twitter:label1\" content=\"Dur\u00e9e de lecture estim\u00e9e\" \/>\n\t<meta name=\"twitter:data1\" content=\"9 minutes\" \/>\n<script type=\"application\/ld+json\" class=\"yoast-schema-graph\">{\"@context\":\"https:\/\/schema.org\",\"@graph\":[{\"@type\":\"WebPage\",\"@id\":\"https:\/\/www.idesco.es\/aviso-legal\/\",\"url\":\"https:\/\/www.idesco.es\/aviso-legal\/\",\"name\":\"Mention l\u00e9gale - Idesco\",\"isPartOf\":{\"@id\":\"https:\/\/www.idesco.es\/#website\"},\"datePublished\":\"2024-01-15T11:12:04+00:00\",\"dateModified\":\"2024-02-01T14:29:25+00:00\",\"breadcrumb\":{\"@id\":\"https:\/\/www.idesco.es\/aviso-legal\/#breadcrumb\"},\"inLanguage\":\"fr-FR\",\"potentialAction\":[{\"@type\":\"ReadAction\",\"target\":[\"https:\/\/www.idesco.es\/aviso-legal\/\"]}]},{\"@type\":\"BreadcrumbList\",\"@id\":\"https:\/\/www.idesco.es\/aviso-legal\/#breadcrumb\",\"itemListElement\":[{\"@type\":\"ListItem\",\"position\":1,\"name\":\"Portada\",\"item\":\"https:\/\/www.idesco.es\/fr\/\"},{\"@type\":\"ListItem\",\"position\":2,\"name\":\"Mention l\u00e9gale\"}]},{\"@type\":\"WebSite\",\"@id\":\"https:\/\/www.idesco.es\/#website\",\"url\":\"https:\/\/www.idesco.es\/\",\"name\":\"Idesco\",\"description\":\"\",\"potentialAction\":[{\"@type\":\"SearchAction\",\"target\":{\"@type\":\"EntryPoint\",\"urlTemplate\":\"https:\/\/www.idesco.es\/?s={search_term_string}\"},\"query-input\":{\"@type\":\"PropertyValueSpecification\",\"valueRequired\":true,\"valueName\":\"search_term_string\"}}],\"inLanguage\":\"fr-FR\"}]}<\/script>\n<!-- \/ Yoast SEO plugin. -->","yoast_head_json":{"title":"Mention l\u00e9gale - Idesco","robots":{"index":"index","follow":"follow","max-snippet":"max-snippet:-1","max-image-preview":"max-image-preview:large","max-video-preview":"max-video-preview:-1"},"canonical":"https:\/\/www.idesco.es\/aviso-legal\/","og_locale":"fr_FR","og_type":"article","og_title":"Mention l\u00e9gale - Idesco","og_description":"Identificaci\u00f3n del titular Para dar cumplimiento con lo establecido en la Ley 34\/2002, de 11 de julio, de servicios de la sociedad de la informaci\u00f3n y de comercio electr\u00f3nico, a continuaci\u00f3n se indican los datos de informaci\u00f3n general de este sitio web: Investigaci\u00f3n y Desarrollo de Cosm\u00e9ticos, S.A. Costa Brava 30 5\u00aa planta 08030 Barcelona [&hellip;]","og_url":"https:\/\/www.idesco.es\/aviso-legal\/","og_site_name":"Idesco","article_modified_time":"2024-02-01T14:29:25+00:00","twitter_card":"summary_large_image","twitter_misc":{"Dur\u00e9e de lecture estim\u00e9e":"9 minutes"},"schema":{"@context":"https:\/\/schema.org","@graph":[{"@type":"WebPage","@id":"https:\/\/www.idesco.es\/aviso-legal\/","url":"https:\/\/www.idesco.es\/aviso-legal\/","name":"Mention l\u00e9gale - Idesco","isPartOf":{"@id":"https:\/\/www.idesco.es\/#website"},"datePublished":"2024-01-15T11:12:04+00:00","dateModified":"2024-02-01T14:29:25+00:00","breadcrumb":{"@id":"https:\/\/www.idesco.es\/aviso-legal\/#breadcrumb"},"inLanguage":"fr-FR","potentialAction":[{"@type":"ReadAction","target":["https:\/\/www.idesco.es\/aviso-legal\/"]}]},{"@type":"BreadcrumbList","@id":"https:\/\/www.idesco.es\/aviso-legal\/#breadcrumb","itemListElement":[{"@type":"ListItem","position":1,"name":"Portada","item":"https:\/\/www.idesco.es\/fr\/"},{"@type":"ListItem","position":2,"name":"Mention l\u00e9gale"}]},{"@type":"WebSite","@id":"https:\/\/www.idesco.es\/#website","url":"https:\/\/www.idesco.es\/","name":"Idesco","description":"","potentialAction":[{"@type":"SearchAction","target":{"@type":"EntryPoint","urlTemplate":"https:\/\/www.idesco.es\/?s={search_term_string}"},"query-input":{"@type":"PropertyValueSpecification","valueRequired":true,"valueName":"search_term_string"}}],"inLanguage":"fr-FR"}]}},"_links":{"self":[{"href":"https:\/\/www.idesco.es\/fr\/wp-json\/wp\/v2\/pages\/905","targetHints":{"allow":["GET"]}}],"collection":[{"href":"https:\/\/www.idesco.es\/fr\/wp-json\/wp\/v2\/pages"}],"about":[{"href":"https:\/\/www.idesco.es\/fr\/wp-json\/wp\/v2\/types\/page"}],"author":[{"embeddable":true,"href":"https:\/\/www.idesco.es\/fr\/wp-json\/wp\/v2\/users\/1"}],"replies":[{"embeddable":true,"href":"https:\/\/www.idesco.es\/fr\/wp-json\/wp\/v2\/comments?post=905"}],"version-history":[{"count":3,"href":"https:\/\/www.idesco.es\/fr\/wp-json\/wp\/v2\/pages\/905\/revisions"}],"predecessor-version":[{"id":911,"href":"https:\/\/www.idesco.es\/fr\/wp-json\/wp\/v2\/pages\/905\/revisions\/911"}],"wp:attachment":[{"href":"https:\/\/www.idesco.es\/fr\/wp-json\/wp\/v2\/media?parent=905"}],"curies":[{"name":"wp","href":"https:\/\/api.w.org\/{rel}","templated":true}]}}